{"id":117,"date":"2018-11-03T02:29:41","date_gmt":"2018-11-03T04:29:41","guid":{"rendered":"http:\/\/bm-incorporacoes.com\/2019\/?page_id=117"},"modified":"2019-01-09T10:07:13","modified_gmt":"2019-01-09T12:07:13","slug":"a-bm-incorporacoes","status":"publish","type":"page","link":"https:\/\/bm-incorporacoes.com\/2019\/a-bm-incorporacoes\/","title":{"rendered":"A EMPRESA"},"content":{"rendered":"<p><div class=\"fusion-fullwidth fullwidth-box fusion-builder-row-1 nonhundred-percent-fullwidth non-hundred-percent-height-scrolling\" style=\"--awb-border-color:#ffffff;--awb-border-radius-top-left:0px;--awb-border-radius-top-right:0px;--awb-border-radius-bottom-right:0px;--awb-border-radius-bottom-left:0px;--awb-padding-top:20px;--awb-padding-right:20px;--awb-padding-bottom:20px;--awb-padding-left:20px;--awb-margin-top:0px;--awb-margin-bottom:0px;--awb-background-color:rgba(255,255,255,0);--awb-border-sizes-top:0px;--awb-border-sizes-bottom:0px;--awb-flex-wrap:wrap;\" ><div class=\"fusion-builder-row fusion-row\"><div class=\"fusion-layout-column fusion_builder_column fusion-builder-column-0 fusion_builder_column_1_2 1_2 fusion-one-half fusion-column-first\" style=\"--awb-padding-top:40px;--awb-padding-right:40px;--awb-padding-bottom:40px;--awb-padding-left:40px;--awb-bg-color:#ffffff;--awb-bg-color-hover:#ffffff;--awb-bg-size:cover;--awb-margin-bottom:40px;width:50%;width:calc(50% - ( ( 4% ) * 0.5 ) );margin-right: 4%;\"><div class=\"fusion-column-wrapper fusion-flex-column-wrapper-legacy\"><div class=\"fusion-text fusion-text-1\"><h1 style=\"text-align: center;\">A B&amp;M Incorpora\u00e7\u00f5es<\/h1>\n<\/div><div class=\"fusion-text fusion-text-2\"><p align=\"justify\">A B&amp;M Incorpora\u00e7\u00f5es \u00e9 especializada na administra\u00e7\u00e3o da incorpora\u00e7\u00e3o de terrenos e edif\u00edcios, com atua\u00e7\u00e3o no maior polo regional do Oeste de Santa Catarina e no Vale de Itaja\u00ed em parceria com os melhores fornecedores. \u00c0 frente das novas tecnologias e t\u00e9cnicas da arquitetura moderna, est\u00e1 presente nas maiores feiras nacionais e internacionais, colocando \u00e0 disposi\u00e7\u00e3o os melhores im\u00f3veis que se encaixam perfeitamente no seu desejo.<\/p>\n<p align=\"justify\">Com anos de experi\u00eancia, desenvolve projetos Residenciais que v\u00e3o do simples ao complexo, do tradicional ao moderno com todo o conhecimento e autenticidade de uma empresa que \u00e9 refer\u00eancia no mercado imobili\u00e1rio catarinense. Atender as necessidades dos usu\u00e1rios e refor\u00e7ar o compromisso com a comunidade de edificar com consci\u00eancia, respeitando a natureza e os recursos naturais por ela oferecidos. A B&amp;M Incorpora\u00e7\u00f5es prima por um rigoroso padr\u00e3o de excel\u00eancia, o que agrega valor e qualidade aos seus empreendimentos. Uma empresa s\u00f3lida que exercita seu papel social, por meio de a\u00e7\u00f5es para um mundo sustent\u00e1vel, e que tem muito orgulho de fazer parte da sua vida.<\/p>\n<\/div><div class=\"fusion-sep-clear\"><\/div><div class=\"fusion-separator fusion-full-width-sep\" style=\"margin-left: auto;margin-right: auto;margin-bottom:15px;width:100%;\"><\/div><div class=\"fusion-sep-clear\"><\/div><div class=\"fusion-clearfix\"><\/div><\/div><\/div><div class=\"fusion-layout-column fusion_builder_column fusion-builder-column-1 fusion_builder_column_1_2 1_2 fusion-one-half fusion-column-last\" style=\"--awb-padding-top:40px;--awb-padding-right:40px;--awb-padding-bottom:40px;--awb-padding-left:40px;--awb-bg-color:#ffffff;--awb-bg-color-hover:#ffffff;--awb-bg-size:cover;width:50%;width:calc(50% - ( ( 4% ) * 0.5 ) );\"><div class=\"fusion-column-wrapper fusion-flex-column-wrapper-legacy\"><div class=\"fusion-image-before-after-wrapper fusion-image-before-after-horizontal type-before-after hover-type-out-together fusion-image-before-after-wrapper-1\" style=\"--awb-font-size:14px;--awb-accent-color:#7a7a7a;--awb-bordersize:0px;--awb-accent-color-bg:transparent;--awb-transition-time:0.5s;\"><div class=\"fusion-image-before-after-before-label before-after-label-out-image-up-down\" data-content=\"1998\"><\/div><div class=\"fusion-image-before-after-element fusion-image-before-after fusion-image-before-after-container fusion-image-before-after-1\" data-offset=\"0.25\" data-orientation=\"horizontal\" data-move-slider-on-hover=\"true\"><img decoding=\"async\" alt=\"1998\" class=\"fusion-image-before-after-before\" src=\"https:\/\/bm-incorporacoes.com\/2019\/wp-content\/uploads\/2018\/12\/antiga.jpg\" width=\"389\" height=\"292\"><img decoding=\"async\" alt=\"2018\" class=\"fusion-image-before-after-after\" src=\"https:\/\/bm-incorporacoes.com\/2019\/wp-content\/uploads\/2018\/12\/nova.jpg\" width=\"389\" height=\"292\"><div class=\"fusion-image-before-after-handle fusion-image-before-after-handle-default\"><span class=\"fusion-image-before-after-left-arrow\"><\/span><span class=\"fusion-image-before-after-right-arrow\"><\/span><\/div><\/div><div class=\"fusion-image-before-after-after-label before-after-label-out-image-up-down\" data-content=\"2018\"><\/div><\/div><div class=\"fusion-clearfix\"><\/div><\/div><\/div><\/div><\/div><div class=\"fusion-fullwidth fullwidth-box fusion-builder-row-2 nonhundred-percent-fullwidth non-hundred-percent-height-scrolling\" style=\"--awb-border-sizes-top:0px;--awb-border-sizes-bottom:0px;--awb-border-sizes-left:0px;--awb-border-sizes-right:0px;--awb-border-color:#383838;--awb-border-style:dotted;--awb-border-radius-top-left:0px;--awb-border-radius-top-right:0px;--awb-border-radius-bottom-right:0px;--awb-border-radius-bottom-left:0px;--awb-padding-top:0px;--awb-padding-bottom:0px;--awb-padding-left:20px;--awb-margin-top:0px;--awb-margin-bottom:0px;--awb-background-color:#f2f2f2;--awb-flex-wrap:wrap;\" ><div class=\"fusion-builder-row fusion-row\"><div class=\"fusion-layout-column fusion_builder_column fusion-builder-column-2 fusion_builder_column_1_1 1_1 fusion-one-full fusion-column-first fusion-column-last\" style=\"--awb-padding-left:16px;--awb-bg-size:cover;\"><div class=\"fusion-column-wrapper fusion-flex-column-wrapper-legacy\"><div class=\"fusion-clearfix\"><\/div><\/div><\/div><div class=\"fusion-layout-column fusion_builder_column fusion-builder-column-3 fusion_builder_column_1_1 1_1 fusion-one-full fusion-column-first fusion-column-last\" style=\"--awb-padding-left:16px;--awb-bg-size:cover;\"><div class=\"fusion-column-wrapper fusion-flex-column-wrapper-legacy\"><div class=\"fusion-image-element fusion-image-align-left in-legacy-container\" style=\"text-align:left;--awb-caption-title-font-family:var(--h2_typography-font-family);--awb-caption-title-font-weight:var(--h2_typography-font-weight);--awb-caption-title-font-style:var(--h2_typography-font-style);--awb-caption-title-size:var(--h2_typography-font-size);--awb-caption-title-transform:var(--h2_typography-text-transform);--awb-caption-title-line-height:var(--h2_typography-line-height);--awb-caption-title-letter-spacing:var(--h2_typography-letter-spacing);\"><span class=\" fusion-imageframe imageframe-none imageframe-1 hover-type-none\" style=\"margin-right:25px;float:left;\"><a class=\"fusion-no-lightbox\" href=\"https:\/\/www.instagram.com\/bmincorporacoes\/\" target=\"_blank\" aria-label=\"seguirbm2\" rel=\"noopener noreferrer\"><img decoding=\"async\" width=\"216\" height=\"28\" src=\"https:\/\/bm-incorporacoes.com\/2019\/wp-content\/uploads\/2018\/12\/seguirbm2.png\" alt class=\"img-responsive wp-image-825\" srcset=\"https:\/\/bm-incorporacoes.com\/2019\/wp-content\/uploads\/2018\/12\/seguirbm2-200x26.png 200w, https:\/\/bm-incorporacoes.com\/2019\/wp-content\/uploads\/2018\/12\/seguirbm2.png 216w\" sizes=\"(max-width: 1100px) 100vw, 216px\" \/><\/a><\/span><\/div><div class=\"fusion-sep-clear\"><\/div><div class=\"fusion-separator fusion-full-width-sep\" style=\"margin-left: auto;margin-right: auto;width:100%;\"><\/div><div class=\"fusion-sep-clear\"><\/div><div class=\"fusion-clearfix\"><\/div><\/div><\/div><div class=\"fusion-layout-column fusion_builder_column fusion-builder-column-4 fusion_builder_column_1_3 1_3 fusion-one-third fusion-column-first\" style=\"--awb-padding-right:0px;--awb-bg-size:cover;width:33.333333333333%;width:calc(33.333333333333% - ( ( 4% + 4% ) * 0.33333333333333 ) );margin-right: 4%;\"><div class=\"fusion-column-wrapper fusion-flex-column-wrapper-legacy\"><div class=\"fusion-alignleft\"><a class=\"fusion-button button-flat fusion-button-default-size button-custom fusion-button-default button-1 fusion-button-default-span fusion-button-default-type\" style=\"--button_accent_color:#6d6d6d;--button_accent_hover_color:#6d6d6d;--button_border_hover_color:#6d6d6d;--button_gradient_top_color:rgba(242,242,242,0);--button_gradient_bottom_color:rgba(242,242,242,0);--button_gradient_top_color_hover:rgba(242,242,242,0);--button_gradient_bottom_color_hover:rgba(242,242,242,0);--button_text_transform:none;\" target=\"_self\" id=\"ligamos\"><i class=\"fa-phone fas button-icon-left\" aria-hidden=\"true\"><\/i><span class=\"fusion-button-text\">Ligamos para voc\u00ea<\/span><\/a><\/div><div class=\"fusion-sep-clear\"><\/div><div class=\"fusion-separator fusion-full-width-sep\" style=\"margin-left: auto;margin-right: auto;margin-top:0px;margin-bottom:0px;width:100%;\"><\/div><div class=\"fusion-sep-clear\"><\/div><div class=\"fusion-alignleft\"><a class=\"fusion-button button-flat fusion-button-default-size button-custom fusion-button-default button-2 fusion-button-default-span fusion-button-default-type\" style=\"--button_accent_color:#6d6d6d;--button_accent_hover_color:#6d6d6d;--button_border_hover_color:#6d6d6d;--button_gradient_top_color:rgba(242,242,242,0);--button_gradient_bottom_color:rgba(242,242,242,0);--button_gradient_top_color_hover:rgba(242,242,242,0);--button_gradient_bottom_color_hover:rgba(242,242,242,0);--button_text_transform:none;\" target=\"_self\" id=\"whatsapp\"><i class=\"fa-whatsapp fab button-icon-left\" aria-hidden=\"true\"><\/i><span class=\"fusion-button-text\">Informa\u00e7\u00f5es por WhatsApp<\/span><\/a><\/div><div class=\"fusion-sep-clear\"><\/div><div class=\"fusion-separator fusion-full-width-sep\" style=\"margin-left: auto;margin-right: auto;width:100%;\"><\/div><div class=\"fusion-sep-clear\"><\/div><div class=\"fusion-alignleft\"><a class=\"fusion-button button-flat fusion-button-default-size button-custom fusion-button-default button-3 fusion-button-default-span fusion-button-default-type\" style=\"--button_accent_color:#6d6d6d;--button_accent_hover_color:#6d6d6d;--button_border_hover_color:#6d6d6d;--button_gradient_top_color:rgba(242,242,242,0);--button_gradient_bottom_color:rgba(242,242,242,0);--button_gradient_top_color_hover:rgba(242,242,242,0);--button_gradient_bottom_color_hover:rgba(242,242,242,0);--button_text_transform:none;\" target=\"_self\" id=\"email\"><i class=\"fa-envelope-open far button-icon-left\" aria-hidden=\"true\"><\/i><span class=\"fusion-button-text\">Informa\u00e7\u00f5es por E-mail<\/span><\/a><\/div><div class=\"fusion-clearfix\"><\/div><\/div><\/div><div class=\"fusion-layout-column fusion_builder_column fusion-builder-column-5 fusion_builder_column_1_3 1_3 fusion-one-third\" style=\"--awb-padding-right:0px;--awb-bg-size:cover;width:33.333333333333%;width:calc(33.333333333333% - ( ( 4% + 4% ) * 0.33333333333333 ) );margin-right: 4%;\"><div class=\"fusion-column-wrapper fusion-flex-column-wrapper-legacy\"><div class=\"fusion-alignleft\"><a class=\"fusion-button button-flat fusion-button-default-size button-custom fusion-button-default button-4 fusion-button-default-span fusion-button-default-type fusion-has-button-gradient\" style=\"--button_accent_color:#6d6d6d;--button_accent_hover_color:#6d6d6d;--button_border_hover_color:#6d6d6d;--button_gradient_top_color:rgba(224,224,224,0);--button_gradient_bottom_color:rgba(214,214,214,0);--button_gradient_top_color_hover:rgba(242,242,242,0);--button_gradient_bottom_color_hover:rgba(242,242,242,0);--button_text_transform:none;\" target=\"_self\" id=\"sejafornecedor\"><span class=\"fusion-button-text\">Seja nosso fornecedor<\/span><\/a><\/div><div class=\"fusion-sep-clear\"><\/div><div class=\"fusion-separator fusion-full-width-sep\" style=\"margin-left: auto;margin-right: auto;width:100%;\"><\/div><div class=\"fusion-sep-clear\"><\/div><div class=\"fusion-alignleft\"><a class=\"fusion-button button-flat fusion-button-default-size button-custom fusion-button-default button-5 fusion-button-default-span fusion-button-default-type fusion-has-button-gradient\" style=\"--button_accent_color:#6d6d6d;--button_accent_hover_color:#6d6d6d;--button_border_hover_color:#6d6d6d;--button_gradient_top_color:rgba(224,224,224,0);--button_gradient_bottom_color:rgba(214,214,214,0);--button_gradient_top_color_hover:rgba(242,242,242,0);--button_gradient_bottom_color_hover:rgba(242,242,242,0);--button_text_transform:none;\" target=\"_self\" id=\"venda\"><span class=\"fusion-button-text\">Venda seu terreno<\/span><\/a><\/div><div class=\"fusion-sep-clear\"><\/div><div class=\"fusion-separator fusion-full-width-sep\" style=\"margin-left: auto;margin-right: auto;width:100%;\"><\/div><div class=\"fusion-sep-clear\"><\/div><div class=\"fusion-alignleft\"><a class=\"fusion-button button-flat fusion-button-default-size button-custom fusion-button-default button-6 fusion-button-default-span fusion-button-default-type fusion-has-button-gradient\" style=\"--button_accent_color:#6d6d6d;--button_accent_hover_color:#6d6d6d;--button_border_hover_color:#6d6d6d;--button_gradient_top_color:rgba(224,224,224,0);--button_gradient_bottom_color:rgba(214,214,214,0);--button_gradient_top_color_hover:rgba(242,242,242,0);--button_gradient_bottom_color_hover:rgba(242,242,242,0);--button_text_transform:none;\" target=\"_self\" id=\"trabalhe\"><span class=\"fusion-button-text\">Trabalhe conosco<\/span><\/a><\/div><div class=\"fusion-clearfix\"><\/div><\/div><\/div><div class=\"fusion-layout-column fusion_builder_column fusion-builder-column-6 fusion_builder_column_1_3 1_3 fusion-one-third fusion-column-last\" style=\"--awb-padding-right:0px;--awb-bg-size:cover;width:33.333333333333%;width:calc(33.333333333333% - ( ( 4% + 4% ) * 0.33333333333333 ) );\"><div class=\"fusion-column-wrapper fusion-flex-column-wrapper-legacy\"><div class=\"fusion-alignleft\"><a class=\"fusion-button button-flat fusion-button-default-size button-custom fusion-button-default button-7 fusion-button-default-span fusion-button-default-type fusion-has-button-gradient\" style=\"--button_accent_color:#6d6d6d;--button_accent_hover_color:#6d6d6d;--button_border_hover_color:#6d6d6d;--button_gradient_top_color:rgba(224,224,224,0);--button_gradient_bottom_color:rgba(214,214,214,0);--button_gradient_top_color_hover:rgba(242,242,242,0);--button_gradient_bottom_color_hover:rgba(242,242,242,0);--button_text_transform:none;\" target=\"_self\" href=\"https:\/\/bm-incorporacoes.com\/2019\/faq\/\"><span class=\"fusion-button-text\">FAQ<\/span><\/a><\/div><div class=\"fusion-sep-clear\"><\/div><div class=\"fusion-separator fusion-full-width-sep\" style=\"margin-left: auto;margin-right: auto;width:100%;\"><\/div><div class=\"fusion-sep-clear\"><\/div><div class=\"fusion-alignleft\"><a class=\"fusion-button button-flat fusion-button-default-size button-custom fusion-button-default button-8 fusion-button-default-span fusion-button-default-type fusion-has-button-gradient\" style=\"--button_accent_color:#6d6d6d;--button_accent_hover_color:#6d6d6d;--button_border_hover_color:#6d6d6d;--button_gradient_top_color:rgba(224,224,224,0);--button_gradient_bottom_color:rgba(214,214,214,0);--button_gradient_top_color_hover:rgba(242,242,242,0);--button_gradient_bottom_color_hover:rgba(242,242,242,0);--button_text_transform:none;\" target=\"_self\" href=\"https:\/\/bm-incorporacoes.com\/2019\/contato\/\"><span class=\"fusion-button-text\">Entre em contato com a B&amp;M Incorpora\u00e7\u00f5es<\/span><\/a><\/div><div class=\"fusion-sep-clear\"><\/div><div class=\"fusion-separator fusion-full-width-sep\" style=\"margin-left: auto;margin-right: auto;width:100%;\"><\/div><div class=\"fusion-sep-clear\"><\/div><div class=\"fusion-alignleft\"><a class=\"fusion-button button-flat fusion-button-default-size button-custom fusion-button-default button-9 fusion-button-default-span fusion-button-default-type fusion-has-button-gradient\" style=\"--button_accent_color:#6d6d6d;--button_accent_hover_color:#6d6d6d;--button_border_hover_color:#6d6d6d;--button_gradient_top_color:rgba(224,224,224,0);--button_gradient_bottom_color:rgba(214,214,214,0);--button_gradient_top_color_hover:rgba(242,242,242,0);--button_gradient_bottom_color_hover:rgba(242,242,242,0);--button_text_transform:none;\" target=\"_self\"><span class=\"fusion-button-text\">Lojas B&amp;M Incorpora\u00e7\u00f5es<\/span><\/a><\/div><div class=\"fusion-clearfix\"><\/div><\/div><\/div><div class=\"fusion-layout-column fusion_builder_column fusion-builder-column-7 fusion_builder_column_1_1 1_1 fusion-one-full fusion-column-first fusion-column-last\" style=\"--awb-padding-left:16px;--awb-bg-size:cover;\"><div class=\"fusion-column-wrapper fusion-flex-column-wrapper-legacy\"><div class=\"fusion-sep-clear\"><\/div><div class=\"fusion-separator fusion-full-width-sep\" style=\"margin-left: auto;margin-right: auto;margin-top:0px;margin-bottom:0px;width:100%;\"><div class=\"fusion-separator-border sep-single sep-dotted\" style=\"--awb-height:20px;--awb-amount:20px;--awb-sep-color:#a0a0a0;border-color:#a0a0a0;border-top-width:1px;\"><\/div><\/div><div class=\"fusion-sep-clear\"><\/div><div class=\"fusion-clearfix\"><\/div><\/div><\/div><div class=\"fusion-layout-column fusion_builder_column fusion-builder-column-8 fusion_builder_column_1_2 1_2 fusion-one-half fusion-column-first\" style=\"--awb-padding-top:0px;--awb-padding-bottom:0px;--awb-padding-left:16px;--awb-bg-size:cover;width:50%;width:calc(50% - ( ( 4% ) * 0.5 ) );margin-right: 4%;\"><div class=\"fusion-column-wrapper fusion-flex-column-wrapper-legacy\"><div class=\"fusion-sep-clear\"><\/div><div class=\"fusion-separator fusion-full-width-sep\" style=\"margin-left: auto;margin-right: auto;margin-top:2px;width:100%;\"><\/div><div class=\"fusion-sep-clear\"><\/div><div class=\"fusion-text fusion-text-3\"><p style=\"font-size: 10px; text-align: left;\"><span style=\"color: #707c87;\">Copyright \u00a9 2003-2019 B&amp;M Incorpora\u00e7\u00f5es. Todos os direitos reservados.<\/span><\/p>\n<\/div><div class=\"fusion-clearfix\"><\/div><\/div><\/div><div class=\"fusion-layout-column fusion_builder_column fusion-builder-column-9 fusion_builder_column_1_2 1_2 fusion-one-half fusion-column-last\" style=\"--awb-padding-left:16px;--awb-bg-size:cover;width:50%;width:calc(50% - ( ( 4% ) * 0.5 ) );\"><div class=\"fusion-column-wrapper fusion-flex-column-wrapper-legacy\"><div class=\"fusion-image-element fusion-image-align-right in-legacy-container\" style=\"text-align:right;--awb-caption-title-font-family:var(--h2_typography-font-family);--awb-caption-title-font-weight:var(--h2_typography-font-weight);--awb-caption-title-font-style:var(--h2_typography-font-style);--awb-caption-title-size:var(--h2_typography-font-size);--awb-caption-title-transform:var(--h2_typography-text-transform);--awb-caption-title-line-height:var(--h2_typography-line-height);--awb-caption-title-letter-spacing:var(--h2_typography-letter-spacing);\"><span class=\" fusion-imageframe imageframe-none imageframe-2 hover-type-none\" style=\"margin-left:25px;float:right;\"><img decoding=\"async\" width=\"43\" height=\"11\" title=\"Brasil3\" src=\"https:\/\/bm-incorporacoes.com\/2019\/wp-content\/uploads\/2018\/12\/Brasil3.png\" alt class=\"img-responsive wp-image-819\"\/><\/span><\/div><div class=\"fusion-clearfix\"><\/div><\/div><\/div><\/div><\/div>\n<\/p>\n","protected":false},"excerpt":{"rendered":"","protected":false},"author":1,"featured_media":0,"parent":0,"menu_order":0,"comment_status":"closed","ping_status":"closed","template":"100-width.php","meta":{"footnotes":""},"_links":{"self":[{"href":"https:\/\/bm-incorporacoes.com\/2019\/wp-json\/wp\/v2\/pages\/117"}],"collection":[{"href":"https:\/\/bm-incorporacoes.com\/2019\/wp-json\/wp\/v2\/pages"}],"about":[{"href":"https:\/\/bm-incorporacoes.com\/2019\/wp-json\/wp\/v2\/types\/page"}],"author":[{"embeddable":true,"href":"https:\/\/bm-incorporacoes.com\/2019\/wp-json\/wp\/v2\/users\/1"}],"replies":[{"embeddable":true,"href":"https:\/\/bm-incorporacoes.com\/2019\/wp-json\/wp\/v2\/comments?post=117"}],"version-history":[{"count":137,"href":"https:\/\/bm-incorporacoes.com\/2019\/wp-json\/wp\/v2\/pages\/117\/revisions"}],"predecessor-version":[{"id":1037,"href":"https:\/\/bm-incorporacoes.com\/2019\/wp-json\/wp\/v2\/pages\/117\/revisions\/1037"}],"wp:attachment":[{"href":"https:\/\/bm-incorporacoes.com\/2019\/wp-json\/wp\/v2\/media?parent=117"}],"curies":[{"name":"wp","href":"https:\/\/api.w.org\/{rel}","templated":true}]}}